{"id":71,"date":"2023-03-17T19:44:53","date_gmt":"2023-03-17T19:44:53","guid":{"rendered":"https:\/\/www.erolcitci.com.tr\/?page_id=71"},"modified":"2023-03-19T19:03:39","modified_gmt":"2023-03-19T19:03:39","slug":"dusunme-balonlari","status":"publish","type":"page","link":"https:\/\/www.erolcitci.com.tr\/?page_id=71","title":{"rendered":"D\u00fc\u015f\u00fcnme Balonlar\u0131 Karikat\u00fcr Sergisi"},"content":{"rendered":"\n<div class=\"wp-block-columns is-layout-flex wp-container-4 wp-block-columns-is-layout-flex\">\n<div class=\"wp-block-column is-layout-flow wp-block-column-is-layout-flow\">\n<figure class=\"wp-block-image size-large\"><img decoding=\"async\" loading=\"lazy\" width=\"729\" height=\"1024\" src=\"https:\/\/www.erolcitci.com.tr\/wp-content\/uploads\/2023\/03\/5-1-729x1024.jpg\" alt=\"\" class=\"wp-image-147\"\/><\/figure>\n<\/div>\n\n\n\n<div class=\"wp-block-column is-layout-flow wp-block-column-is-layout-flow\">\n<figure class=\"wp-block-image size-large\"><img decoding=\"async\" loading=\"lazy\" width=\"571\" height=\"1024\" src=\"https:\/\/www.erolcitci.com.tr\/wp-content\/uploads\/2023\/03\/3-571x1024.jpg\" alt=\"\" class=\"wp-image-145\"\/><\/figure>\n<\/div>\n\n\n\n<div class=\"wp-block-column is-layout-flow wp-block-column-is-layout-flow\">\n<figure class=\"wp-block-image size-large\"><img decoding=\"async\" loading=\"lazy\" width=\"741\" height=\"1024\" src=\"https:\/\/www.erolcitci.com.tr\/wp-content\/uploads\/2023\/03\/4-741x1024.jpg\" alt=\"\" class=\"wp-image-146\"\/><\/figure>\n<\/div>\n<\/div>\n\n\n\n<div class=\"wp-block-columns is-layout-flex wp-container-8 wp-block-columns-is-layout-flex\">\n<div class=\"wp-block-column is-layout-flow wp-block-column-is-layout-flow\">\n<figure class=\"wp-block-image size-large\"><img decoding=\"async\" loading=\"lazy\" width=\"717\" height=\"1024\" src=\"https:\/\/www.erolcitci.com.tr\/wp-content\/uploads\/2023\/03\/5-balon-dusunce-717x1024.jpg\" alt=\"\" class=\"wp-image-153\"\/><\/figure>\n<\/div>\n\n\n\n<div class=\"wp-block-column is-layout-flow wp-block-column-is-layout-flow\">\n<figure class=\"wp-block-image size-large\"><img decoding=\"async\" loading=\"lazy\" width=\"724\" height=\"1024\" src=\"https:\/\/www.erolcitci.com.tr\/wp-content\/uploads\/2023\/03\/1-1-724x1024.jpg\" alt=\"\" class=\"wp-image-143\"\/><\/figure>\n<\/div>\n\n\n\n<div class=\"wp-block-column is-layout-flow wp-block-column-is-layout-flow\">\n<figure class=\"wp-block-image size-large\"><img decoding=\"async\" loading=\"lazy\" width=\"717\" height=\"1024\" src=\"https:\/\/www.erolcitci.com.tr\/wp-content\/uploads\/2023\/03\/7-perde-717x1024.jpg\" alt=\"\" class=\"wp-image-154\"\/><\/figure>\n<\/div>\n<\/div>\n","protected":false},"excerpt":{"rendered":"","protected":false},"author":1,"featured_media":0,"parent":0,"menu_order":0,"comment_status":"closed","ping_status":"closed","template":"","meta":{"footnotes":""},"_links":{"self":[{"href":"https:\/\/www.erolcitci.com.tr\/index.php?rest_route=\/wp\/v2\/pages\/71"}],"collection":[{"href":"https:\/\/www.erolcitci.com.tr\/index.php?rest_route=\/wp\/v2\/pages"}],"about":[{"href":"https:\/\/www.erolcitci.com.tr\/index.php?rest_route=\/wp\/v2\/types\/page"}],"author":[{"embeddable":true,"href":"https:\/\/www.erolcitci.com.tr\/index.php?rest_route=\/wp\/v2\/users\/1"}],"replies":[{"embeddable":true,"href":"https:\/\/www.erolcitci.com.tr\/index.php?rest_route=%2Fwp%2Fv2%2Fcomments&post=71"}],"version-history":[{"count":6,"href":"https:\/\/www.erolcitci.com.tr\/index.php?rest_route=\/wp\/v2\/pages\/71\/revisions"}],"predecessor-version":[{"id":304,"href":"https:\/\/www.erolcitci.com.tr\/index.php?rest_route=\/wp\/v2\/pages\/71\/revisions\/304"}],"wp:attachment":[{"href":"https:\/\/www.erolcitci.com.tr\/index.php?rest_route=%2Fwp%2Fv2%2Fmedia&parent=71"}],"curies":[{"name":"wp","href":"https:\/\/api.w.org\/{rel}","templated":true}]}}