{"id":64,"date":"2023-03-17T19:42:23","date_gmt":"2023-03-17T19:42:23","guid":{"rendered":"https:\/\/www.erolcitci.com.tr\/?page_id=64"},"modified":"2023-03-19T18:42:15","modified_gmt":"2023-03-19T18:42:15","slug":"iletisim","status":"publish","type":"page","link":"https:\/\/www.erolcitci.com.tr\/?page_id=64","title":{"rendered":"\u0130leti\u015fim"},"content":{"rendered":"\n<p class=\"has-small-font-size\" style=\"line-height:0\"><strong>Burdur Mehmet Akif Ersoy \u00dcniversitesi<\/strong><\/p>\n\n\n\n<p class=\"has-small-font-size\" style=\"line-height:0\">Sanat ve Tasar\u0131m Fak\u00fcltesi G\u00f6rsel \u0130leti\u015fim Tasar\u0131m\u0131 B\u00f6l\u00fcm\u00fc&nbsp;<\/p>\n\n\n\n<p class=\"has-small-font-size\" style=\"line-height:0\">\u0130stiklal Yerle\u015fkesi 15030 \/ BURDUR<\/p>\n\n\n\n<p class=\"has-small-font-size\">+90 248 213 10 00 \/ 3708<\/p>\n\n\n\n<p class=\"has-small-font-size\" style=\"line-height:0.7\">erolcitci@hotmail.com \/ ecitci@mehmetakif.edu.tr<\/p>\n","protected":false},"excerpt":{"rendered":"<p>Burdur Mehmet Akif Ersoy \u00dcniversitesi Sanat ve Tasar\u0131m Fak\u00fcltesi G\u00f6rsel \u0130leti\u015fim Tasar\u0131m\u0131 B\u00f6l\u00fcm\u00fc&nbsp; \u0130stiklal Yerle\u015fkesi 15030 \/ BURDUR +90 248 213 10 00 \/ 3708 erolcitci@hotmail.com \/ ecitci@mehmetakif.edu.tr<\/p>\n","protected":false},"author":1,"featured_media":0,"parent":0,"menu_order":0,"comment_status":"closed","ping_status":"closed","template":"","meta":{"footnotes":""},"_links":{"self":[{"href":"https:\/\/www.erolcitci.com.tr\/index.php?rest_route=\/wp\/v2\/pages\/64"}],"collection":[{"href":"https:\/\/www.erolcitci.com.tr\/index.php?rest_route=\/wp\/v2\/pages"}],"about":[{"href":"https:\/\/www.erolcitci.com.tr\/index.php?rest_route=\/wp\/v2\/types\/page"}],"author":[{"embeddable":true,"href":"https:\/\/www.erolcitci.com.tr\/index.php?rest_route=\/wp\/v2\/users\/1"}],"replies":[{"embeddable":true,"href":"https:\/\/www.erolcitci.com.tr\/index.php?rest_route=%2Fwp%2Fv2%2Fcomments&post=64"}],"version-history":[{"count":3,"href":"https:\/\/www.erolcitci.com.tr\/index.php?rest_route=\/wp\/v2\/pages\/64\/revisions"}],"predecessor-version":[{"id":241,"href":"https:\/\/www.erolcitci.com.tr\/index.php?rest_route=\/wp\/v2\/pages\/64\/revisions\/241"}],"wp:attachment":[{"href":"https:\/\/www.erolcitci.com.tr\/index.php?rest_route=%2Fwp%2Fv2%2Fmedia&parent=64"}],"curies":[{"name":"wp","href":"https:\/\/api.w.org\/{rel}","templated":true}]}}