{"id":58,"date":"2023-03-17T19:39:56","date_gmt":"2023-03-17T19:39:56","guid":{"rendered":"https:\/\/www.erolcitci.com.tr\/?page_id=58"},"modified":"2023-10-07T19:29:51","modified_gmt":"2023-10-07T19:29:51","slug":"makaleler","status":"publish","type":"page","link":"https:\/\/www.erolcitci.com.tr\/?page_id=58","title":{"rendered":"Makaleler"},"content":{"rendered":"\n<p><a rel=\"noreferrer noopener\" href=\"https:\/\/ugsead.penpublishing.net\/makale\/1501\" data-type=\"URL\" data-id=\"https:\/\/ugsead.penpublishing.net\/makale\/1501\" target=\"_blank\">G\u00f6rsel \u0130leti\u015fimde Kodlama Destekli Grafik Tasar\u0131m.<\/a><\/p>\n\n\n\n<p><a rel=\"noreferrer noopener\" href=\"https:\/\/dergipark.org.tr\/tr\/pub\/sduarte\/issue\/33202\/343200\" data-type=\"URL\" data-id=\"https:\/\/dergipark.org.tr\/tr\/pub\/sduarte\/issue\/33202\/343200\" target=\"_blank\">G\u00f6rsel K\u00fclt\u00fcr Eleman\u0131 Olarak Reklam Afi\u015flerinin Toplumsal S\u00fcre\u00e7lerle Etkile\u015fimli.<\/a><\/p>\n\n\n\n<p><strong> <\/strong><a rel=\"noreferrer noopener\" href=\"https:\/\/dergipark.org.tr\/tr\/download\/article-file\/737460\" data-type=\"URL\" data-id=\"https:\/\/dergipark.org.tr\/tr\/download\/article-file\/737460\" target=\"_blank\">Bilgilendirme Tasar\u0131m\u0131 \u0130lkeleri Ba\u011flam\u0131nda Reklam Afi\u015flerinin \u0130ncelenmesi.<\/a><\/p>\n\n\n\n<p><a rel=\"noreferrer noopener\" href=\"https:\/\/www.researchgate.net\/publication\/348249314_AMPERSAND_KARAKTERININ_TURKCEDE_KULLANIMI_VE_BIR_UYARLAMA_ONERISI\" data-type=\"URL\" data-id=\"https:\/\/www.researchgate.net\/publication\/348249314_AMPERSAND_KARAKTERININ_TURKCEDE_KULLANIMI_VE_BIR_UYARLAMA_ONERISI\" target=\"_blank\"> Ampersand Karakterinin T\u00fcrk\u00e7ede Kullan\u0131m\u0131 ve Bir Uyarlama \u00d6nerisi.<\/a><\/p>\n\n\n\n<p><a rel=\"noreferrer noopener\" href=\"https:\/\/www.ulakbilge.com\/makale\/pdf\/1493468383.pdf\" data-type=\"URL\" data-id=\"https:\/\/www.ulakbilge.com\/makale\/pdf\/1493468383.pdf\" target=\"_blank\">T\u00fcrk Liras\u0131 Simgesinin Yaz\u0131m\u0131nda Tipografik Problemler ve \u00c7\u00f6z\u00fcm \u00d6nerileri.<\/a><\/p>\n","protected":false},"excerpt":{"rendered":"<p>G\u00f6rsel \u0130leti\u015fimde Kodlama Destekli Grafik Tasar\u0131m. G\u00f6rsel K\u00fclt\u00fcr Eleman\u0131 Olarak Reklam Afi\u015flerinin Toplumsal S\u00fcre\u00e7lerle Etkile\u015fimli. Bilgilendirme Tasar\u0131m\u0131 \u0130lkeleri Ba\u011flam\u0131nda Reklam Afi\u015flerinin \u0130ncelenmesi. Ampersand Karakterinin T\u00fcrk\u00e7ede Kullan\u0131m\u0131 ve Bir Uyarlama \u00d6nerisi. T\u00fcrk Liras\u0131 Simgesinin Yaz\u0131m\u0131nda Tipografik Problemler ve \u00c7\u00f6z\u00fcm \u00d6nerileri.<\/p>\n","protected":false},"author":1,"featured_media":0,"parent":0,"menu_order":0,"comment_status":"closed","ping_status":"closed","template":"","meta":{"footnotes":""},"_links":{"self":[{"href":"https:\/\/www.erolcitci.com.tr\/index.php?rest_route=\/wp\/v2\/pages\/58"}],"collection":[{"href":"https:\/\/www.erolcitci.com.tr\/index.php?rest_route=\/wp\/v2\/pages"}],"about":[{"href":"https:\/\/www.erolcitci.com.tr\/index.php?rest_route=\/wp\/v2\/types\/page"}],"author":[{"embeddable":true,"href":"https:\/\/www.erolcitci.com.tr\/index.php?rest_route=\/wp\/v2\/users\/1"}],"replies":[{"embeddable":true,"href":"https:\/\/www.erolcitci.com.tr\/index.php?rest_route=%2Fwp%2Fv2%2Fcomments&post=58"}],"version-history":[{"count":19,"href":"https:\/\/www.erolcitci.com.tr\/index.php?rest_route=\/wp\/v2\/pages\/58\/revisions"}],"predecessor-version":[{"id":347,"href":"https:\/\/www.erolcitci.com.tr\/index.php?rest_route=\/wp\/v2\/pages\/58\/revisions\/347"}],"wp:attachment":[{"href":"https:\/\/www.erolcitci.com.tr\/index.php?rest_route=%2Fwp%2Fv2%2Fmedia&parent=58"}],"curies":[{"name":"wp","href":"https:\/\/api.w.org\/{rel}","templated":true}]}}