{"id":219,"date":"2023-03-18T20:53:43","date_gmt":"2023-03-18T20:53:43","guid":{"rendered":"https:\/\/www.erolcitci.com.tr\/?page_id=219"},"modified":"2023-03-18T20:53:44","modified_gmt":"2023-03-18T20:53:44","slug":"ben-kimim","status":"publish","type":"page","link":"https:\/\/www.erolcitci.com.tr\/?page_id=219","title":{"rendered":"Ben Kimim?"},"content":{"rendered":"\n<p>Do\u00e7. Erol \u00c7\u0130TC\u0130 1978 Adana do\u011fumludur. Ailenin be\u015f karde\u015ften en b\u00fcy\u00fc\u011f\u00fcd\u00fcr. Do\u011fumundan k\u0131sa s\u00fcre sonra ailesi ile Hollanda\u2019ya ta\u015f\u0131nm\u0131\u015f ve 14 ya\u015f\u0131na kadar orada ya\u015fam\u0131\u015ft\u0131r. 1992 y\u0131l\u0131nda ailesinin yurda kesin d\u00f6n\u00fc\u015f yapma karar\u0131 ile Mersin\u2019in Silifke il\u00e7esine yerle\u015fmi\u015fti.<\/p>\n\n\n\n<p>\u0130lkokulu Hollanda\u2019da okuyan Erol \u00c7\u0130TC\u0130 ortaokul ve lise e\u011fitimini Silifke\u2019de tamamlam\u0131\u015ft\u0131r. 2003 y\u0131l\u0131nda \u00c7ukurova \u00dcniversitesi E\u011fitim Fak\u00fcltesi Resim-\u0130\u015f E\u011fitimi B\u00f6l\u00fcm\u00fc Grafik Anasanat dal\u0131ndan mezun oldu. Ayn\u0131 y\u0131l Adana\u2019n\u0131n Pozant\u0131 il\u00e7esinde Resim \u00d6\u011fretmeni olarak atand\u0131. 2009 y\u0131l\u0131na kadar Milli E\u011fitim\u2019e ba\u011fl\u0131 okullarda Resim ve G\u00f6rsel Sanatlar \u00f6\u011fretmeni olarak \u00e7al\u0131\u015ft\u0131 ve ard\u0131ndan kurumlar aras\u0131 ge\u00e7i\u015f yaparak K\u0131r\u015fehir\u2019de bulunan Ahi Evran \u00dcniversitesi Mucur Meslek Y\u00fcksekokulu Tasar\u0131m B\u00f6l\u00fcm\u00fcnde \u00f6\u011fretim g\u00f6revlisi olarak \u00e7al\u0131\u015ft\u0131r.&nbsp;2018 y\u0131l\u0131ndan itibaren Burdur Mehmet Akif Ersoy \u00dcniversitesi Sanat ve Tasar\u0131m Fak\u00fcltesi G\u00f6rsel \u0130leti\u015fim Tasar\u0131m B\u00f6l\u00fcm\u00fcnde \u00f6\u011fretim \u00fcyesi olarak lisans ve y\u00fcksek lisans vermeye devam etmektedir.<\/p>\n\n\n\n<p>2009 y\u0131l\u0131nda \u00c7ukurova \u00dcniversitesi Sosyal Bilimler Enstit\u00fcs\u00fc Resim-\u0130\u015f \u00d6\u011fretmenli\u011fi alan\u0131nda alm\u0131\u015f yapm\u0131\u015f oldu\u011fu Y\u00fcksek Lisans E\u011fitimini tamamlad\u0131. 2011 y\u0131l\u0131nda Hacettepe \u00dcniversitesi G\u00fczel Sanatlar Enstit\u00fcs\u00fc Grafik B\u00f6l\u00fcm\u00fcnde sanatta yeterlik\/ doktora e\u011fitimine ba\u015flayarak \u201cG\u00f6rme Engellilere Y\u00f6nelik Kitaplarda Braille Renk Kodlamas\u0131ndan Yararlan\u0131lmas\u0131 Ve \u00d6rnek Uygulamalar\u201d adl\u0131 tez \u00e7al\u0131\u015fmas\u0131n\u0131 tamamlayarak 2016 y\u0131l\u0131nda mezun oldu. Bu tez \u00e7al\u0131\u015fmas\u0131 ile g\u00f6rme engellilere tasarlanan kitaplarda, kendi bulu\u015fu olan (Braille kodlamas\u0131na renkleri tan\u0131mlatacak simgesel de\u011fer katan) Braille Renk Kodlamas\u0131n\u0131n, \u00e7ocuk \u00f6yk\u00fclerine nas\u0131l uygulanabilece\u011fini ortaya koymu\u015ftur.<\/p>\n\n\n\n<p>Biri ki\u015fisel olmak \u00fczere \u00e7ok say\u0131da ulusal ve uluslararas\u0131 sergiye kat\u0131lm\u0131\u015f olan tasar\u0131mc\u0131 Meksika ve Almanya\u2019da d\u00fczenlenen afi\u015f yar\u0131\u015fmalar\u0131nda sergileme \u00f6d\u00fcl\u00fc alm\u0131\u015ft\u0131r. Bunun d\u0131\u015f\u0131nda \u0130stanbul Tasar\u0131m Bienalinde \u201c\u00c7anta Ta\u015f\u0131ma k\u0131lavuzu\u201d ve \u201cDolmu\u015fa Binme K\u0131lavuzu\u201d isimli infografik \u00e7al\u0131\u015fmas\u0131yla yer alm\u0131\u015ft\u0131r. Sergi kat\u0131l\u0131mlar\u0131 d\u0131\u015f\u0131nda \u00e7e\u015fitli \u00f6zel ve kamu kurumlar\u0131na \u00e7ok say\u0131da afi\u015f, logo tasar\u0131m\u0131, kitap ve dergi kapa\u011f\u0131 tasar\u0131m\u0131, web aray\u00fcz tasar\u0131m\u0131 ve di\u011fer grafik \u00fcr\u00fcnler olmak \u00fczere \u00e7ok say\u0131da \u00e7al\u0131\u015fma yapm\u0131\u015ft\u0131r.&nbsp;<\/p>\n","protected":false},"excerpt":{"rendered":"<p>Do\u00e7. Erol \u00c7\u0130TC\u0130 1978 Adana do\u011fumludur. Ailenin be\u015f karde\u015ften en b\u00fcy\u00fc\u011f\u00fcd\u00fcr. Do\u011fumundan k\u0131sa s\u00fcre sonra ailesi ile Hollanda\u2019ya ta\u015f\u0131nm\u0131\u015f ve 14 ya\u015f\u0131na kadar orada ya\u015fam\u0131\u015ft\u0131r. 1992 y\u0131l\u0131nda ailesinin yurda kesin d\u00f6n\u00fc\u015f yapma karar\u0131 ile Mersin\u2019in Silifke il\u00e7esine yerle\u015fmi\u015fti. \u0130lkokulu Hollanda\u2019da okuyan Erol \u00c7\u0130TC\u0130 ortaokul ve lise e\u011fitimini Silifke\u2019de tamamlam\u0131\u015ft\u0131r. 2003 y\u0131l\u0131nda \u00c7ukurova \u00dcniversitesi E\u011fitim Fak\u00fcltesi Resim-\u0130\u015f E\u011fitimi B\u00f6l\u00fcm\u00fc Grafik Anasanat dal\u0131ndan mezun oldu. Ayn\u0131 y\u0131l&#8230; <\/p>\n<p class=\"more\"><a class=\"more-link\" href=\"https:\/\/www.erolcitci.com.tr\/?page_id=219\">Read More<\/a><\/p>\n","protected":false},"author":1,"featured_media":0,"parent":0,"menu_order":0,"comment_status":"closed","ping_status":"closed","template":"","meta":{"footnotes":""},"_links":{"self":[{"href":"https:\/\/www.erolcitci.com.tr\/index.php?rest_route=\/wp\/v2\/pages\/219"}],"collection":[{"href":"https:\/\/www.erolcitci.com.tr\/index.php?rest_route=\/wp\/v2\/pages"}],"about":[{"href":"https:\/\/www.erolcitci.com.tr\/index.php?rest_route=\/wp\/v2\/types\/page"}],"author":[{"embeddable":true,"href":"https:\/\/www.erolcitci.com.tr\/index.php?rest_route=\/wp\/v2\/users\/1"}],"replies":[{"embeddable":true,"href":"https:\/\/www.erolcitci.com.tr\/index.php?rest_route=%2Fwp%2Fv2%2Fcomments&post=219"}],"version-history":[{"count":1,"href":"https:\/\/www.erolcitci.com.tr\/index.php?rest_route=\/wp\/v2\/pages\/219\/revisions"}],"predecessor-version":[{"id":220,"href":"https:\/\/www.erolcitci.com.tr\/index.php?rest_route=\/wp\/v2\/pages\/219\/revisions\/220"}],"wp:attachment":[{"href":"https:\/\/www.erolcitci.com.tr\/index.php?rest_route=%2Fwp%2Fv2%2Fmedia&parent=219"}],"curies":[{"name":"wp","href":"https:\/\/api.w.org\/{rel}","templated":true}]}}